{"id":278,"date":"2025-06-26T16:53:29","date_gmt":"2025-06-26T14:53:29","guid":{"rendered":"https:\/\/nyirvideki.kisvasut.hu\/?page_id=278"},"modified":"2025-12-29T11:44:35","modified_gmt":"2025-12-29T10:44:35","slug":"esemenyek-3","status":"publish","type":"page","link":"https:\/\/nyirvideki.kisvasut.hu\/?page_id=278","title":{"rendered":"Rendezv\u00e9nyek"},"content":{"rendered":"\t\t<div data-elementor-type=\"wp-page\" data-elementor-id=\"278\" class=\"elementor elementor-278\">\n\t\t\t\t\t\t<section class=\"elementor-section elementor-top-section elementor-element elementor-element-4bb4aff elementor-section-boxed elementor-section-height-default elementor-section-height-default\" data-id=\"4bb4aff\" data-element_type=\"section\">\n\t\t\t\t\t\t<div class=\"elementor-container elementor-column-gap-default\">\n\t\t\t\t\t<div class=\"elementor-column elementor-col-100 elementor-top-column elementor-element elementor-element-c43ffa9\" data-id=\"c43ffa9\" data-element_type=\"column\">\n\t\t\t<div class=\"elementor-widget-wrap elementor-element-populated\">\n\t\t\t\t\t\t<div class=\"elementor-element elementor-element-72d9358 elementor-widget elementor-widget-heading\" data-id=\"72d9358\" data-element_type=\"widget\" data-widget_type=\"heading.default\">\n\t\t\t\t<div class=\"elementor-widget-container\">\n\t\t\t\t\t<h2 class=\"elementor-heading-title elementor-size-default\">K\u00f6zelg\u0151 esem\u00e9nyek \u00e9s rendezv\u00e9nyek<\/h2>\t\t\t\t<\/div>\n\t\t\t\t<\/div>\n\t\t\t\t\t<\/div>\n\t\t<\/div>\n\t\t\t\t\t<\/div>\n\t\t<\/section>\n\t\t\t\t<section class=\"elementor-section elementor-top-section elementor-element elementor-element-fe3c25f elementor-section-boxed elementor-section-height-default elementor-section-height-default\" data-id=\"fe3c25f\" data-element_type=\"section\">\n\t\t\t\t\t\t<div class=\"elementor-container elementor-column-gap-default\">\n\t\t\t\t\t<div class=\"elementor-column elementor-col-100 elementor-top-column elementor-element elementor-element-018920d\" data-id=\"018920d\" data-element_type=\"column\">\n\t\t\t<div class=\"elementor-widget-wrap elementor-element-populated\">\n\t\t\t\t\t\t<div class=\"elementor-element elementor-element-e33994b elementor-widget elementor-widget-shortcode\" data-id=\"e33994b\" data-element_type=\"widget\" data-widget_type=\"shortcode.default\">\n\t\t\t\t<div class=\"elementor-widget-container\">\n\t\t\t\t\t\t\t<div class=\"elementor-shortcode\"><!-- Elfsight Event Calendar | Untitled Event Calendar -->\n<script src=\"https:\/\/static.elfsight.com\/platform\/platform.js\" async><\/script>\n<div class=\"elfsight-app-4a8d67a4-7659-44b8-84a5-81e4b2bb257a\" data-elfsight-app-lazy><\/div><\/div>\n\t\t\t\t\t\t<\/div>\n\t\t\t\t<\/div>\n\t\t\t\t\t<\/div>\n\t\t<\/div>\n\t\t\t\t\t<\/div>\n\t\t<\/section>\n\t\t\t\t<section class=\"elementor-section elementor-top-section elementor-element elementor-element-85a6e19 elementor-section-boxed elementor-section-height-default elementor-section-height-default\" data-id=\"85a6e19\" data-element_type=\"section\">\n\t\t\t\t\t\t<div class=\"elementor-container elementor-column-gap-default\">\n\t\t\t\t\t<div class=\"elementor-column elementor-col-100 elementor-top-column elementor-element elementor-element-3a5cced\" data-id=\"3a5cced\" data-element_type=\"column\">\n\t\t\t<div class=\"elementor-widget-wrap elementor-element-populated\">\n\t\t\t\t\t\t<div class=\"elementor-element elementor-element-31a86b4 elementor-widget elementor-widget-text-editor\" data-id=\"31a86b4\" data-element_type=\"widget\" data-widget_type=\"text-editor.default\">\n\t\t\t\t<div class=\"elementor-widget-container\">\n\t\t\t\t\t\t\t\t\t<p>Az esem\u00e9nyekr\u0151l b\u0151vebben a facebook oldalunkon lehet t\u00e1j\u00e9koz\u00f3dni.<\/p>\t\t\t\t\t\t\t\t<\/div>\n\t\t\t\t<\/div>\n\t\t\t\t\t<\/div>\n\t\t<\/div>\n\t\t\t\t\t<\/div>\n\t\t<\/section>\n\t\t\t\t<section class=\"elementor-section elementor-top-section elementor-element elementor-element-f65e973 elementor-section-boxed elementor-section-height-default elementor-section-height-default\" data-id=\"f65e973\" data-element_type=\"section\">\n\t\t\t\t\t\t<div class=\"elementor-container elementor-column-gap-default\">\n\t\t\t\t\t<div class=\"elementor-column elementor-col-100 elementor-top-column elementor-element elementor-element-9267e9b\" data-id=\"9267e9b\" data-element_type=\"column\">\n\t\t\t<div class=\"elementor-widget-wrap elementor-element-populated\">\n\t\t\t\t\t\t<div class=\"elementor-element elementor-element-dfe3cfa elementor-widget-divider--view-line elementor-widget elementor-widget-divider\" data-id=\"dfe3cfa\" data-element_type=\"widget\" data-widget_type=\"divider.default\">\n\t\t\t\t<div class=\"elementor-widget-container\">\n\t\t\t\t\t\t\t<div class=\"elementor-divider\">\n\t\t\t<span class=\"elementor-divider-separator\">\n\t\t\t\t\t\t<\/span>\n\t\t<\/div>\n\t\t\t\t\t\t<\/div>\n\t\t\t\t<\/div>\n\t\t\t\t\t<\/div>\n\t\t<\/div>\n\t\t\t\t\t<\/div>\n\t\t<\/section>\n\t\t\t\t<section class=\"elementor-section elementor-top-section elementor-element elementor-element-8a3fe57 elementor-section-boxed elementor-section-height-default elementor-section-height-default\" data-id=\"8a3fe57\" data-element_type=\"section\">\n\t\t\t\t\t\t<div class=\"elementor-container elementor-column-gap-default\">\n\t\t\t\t\t<div class=\"elementor-column elementor-col-100 elementor-top-column elementor-element elementor-element-e0b5e30\" data-id=\"e0b5e30\" data-element_type=\"column\">\n\t\t\t<div class=\"elementor-widget-wrap elementor-element-populated\">\n\t\t\t\t\t\t<div class=\"elementor-element elementor-element-57924e6 elementor-widget elementor-widget-heading\" data-id=\"57924e6\" data-element_type=\"widget\" data-widget_type=\"heading.default\">\n\t\t\t\t<div class=\"elementor-widget-container\">\n\t\t\t\t\t<h2 class=\"elementor-heading-title elementor-size-default\">Az elm\u00falt id\u0151szak rendezv\u00e9nyei<\/h2>\t\t\t\t<\/div>\n\t\t\t\t<\/div>\n\t\t\t\t\t<\/div>\n\t\t<\/div>\n\t\t\t\t\t<\/div>\n\t\t<\/section>\n\t\t\t\t<section class=\"elementor-section elementor-top-section elementor-element elementor-element-eeffd12 elementor-section-boxed elementor-section-height-default elementor-section-height-default\" data-id=\"eeffd12\" data-element_type=\"section\">\n\t\t\t\t\t\t<div class=\"elementor-container elementor-column-gap-default\">\n\t\t\t\t\t<div class=\"elementor-column elementor-col-100 elementor-top-column elementor-element elementor-element-5010f4b\" data-id=\"5010f4b\" data-element_type=\"column\">\n\t\t\t<div class=\"elementor-widget-wrap elementor-element-populated\">\n\t\t\t\t\t\t<div class=\"elementor-element elementor-element-a5487c3 elementor-widget elementor-widget-text-editor\" data-id=\"a5487c3\" data-element_type=\"widget\" data-widget_type=\"text-editor.default\">\n\t\t\t\t<div class=\"elementor-widget-container\">\n\t\t\t\t\t\t\t\t\t<h4>2025.08.10.<\/h4><p>F\u00e9ny az \u00e9jszak\u00e1ba! Sikeres p\u00e1lyafenntart\u00e1si \u00e9s \u00e9p\u00fclet- illetve ter\u00fcletkarbantart\u00e1si munk\u00e1k sor\u00e1n a m\u00e1ra m\u00e1r t\u00f6rt\u00e9nelmi jelleg\u0171nek mondhat\u00f3 t\u00e9rvil\u00e1g\u00edt\u00e1sba \u00fajra \u00e9letet lehelt\u00fcnk. Sz\u00e1mos m\u00e1s tev\u00e9kenys\u00e9get is v\u00e9gezt\u00fcnk, el\u0151k\u00e9sz\u00edtve a m\u00e1r megval\u00f3sult nagyobb fel\u00faj\u00edt\u00e1sokat is.<\/p>\t\t\t\t\t\t\t\t<\/div>\n\t\t\t\t<\/div>\n\t\t\t\t\t<\/div>\n\t\t<\/div>\n\t\t\t\t\t<\/div>\n\t\t<\/section>\n\t\t\t\t<section class=\"elementor-section elementor-top-section elementor-element elementor-element-2803033 elementor-section-boxed elementor-section-height-default elementor-section-height-default\" data-id=\"2803033\" data-element_type=\"section\">\n\t\t\t\t\t\t<div class=\"elementor-container elementor-column-gap-default\">\n\t\t\t\t\t<div class=\"elementor-column elementor-col-100 elementor-top-column elementor-element elementor-element-5572813\" data-id=\"5572813\" data-element_type=\"column\">\n\t\t\t<div class=\"elementor-widget-wrap elementor-element-populated\">\n\t\t\t\t\t\t<div class=\"elementor-element elementor-element-57883ff elementor-widget elementor-widget-image\" data-id=\"57883ff\" data-element_type=\"widget\" data-widget_type=\"image.default\">\n\t\t\t\t<div class=\"elementor-widget-container\">\n\t\t\t\t\t\t\t\t\t\t\t\t\t\t\t<img fetchpriority=\"high\" decoding=\"async\" width=\"768\" height=\"432\" src=\"https:\/\/nyirvideki.kisvasut.hu\/wp-content\/uploads\/2025\/12\/20250810_211720-768x432.jpg\" class=\"attachment-medium_large size-medium_large wp-image-548\" alt=\"\" srcset=\"https:\/\/nyirvideki.kisvasut.hu\/wp-content\/uploads\/2025\/12\/20250810_211720-768x432.jpg 768w, https:\/\/nyirvideki.kisvasut.hu\/wp-content\/uploads\/2025\/12\/20250810_211720-300x169.jpg 300w, https:\/\/nyirvideki.kisvasut.hu\/wp-content\/uploads\/2025\/12\/20250810_211720-1024x577.jpg 1024w, https:\/\/nyirvideki.kisvasut.hu\/wp-content\/uploads\/2025\/12\/20250810_211720-1536x865.jpg 1536w, https:\/\/nyirvideki.kisvasut.hu\/wp-content\/uploads\/2025\/12\/20250810_211720-2048x1153.jpg 2048w\" sizes=\"(max-width: 768px) 100vw, 768px\" \/>\t\t\t\t\t\t\t\t\t\t\t\t\t\t\t<\/div>\n\t\t\t\t<\/div>\n\t\t\t\t\t<\/div>\n\t\t<\/div>\n\t\t\t\t\t<\/div>\n\t\t<\/section>\n\t\t\t\t<\/div>\n\t\t","protected":false},"excerpt":{"rendered":"<p>K\u00f6zelg\u0151 esem\u00e9nyek \u00e9s rendezv\u00e9nyek Az esem\u00e9nyekr\u0151l b\u0151vebben a facebook oldalunkon lehet t\u00e1j\u00e9koz\u00f3dni. Az elm\u00falt id\u0151szak rendezv\u00e9nyei 2025.08.10. F\u00e9ny az \u00e9jszak\u00e1ba! Sikeres p\u00e1lyafenntart\u00e1si \u00e9s \u00e9p\u00fclet- illetve&hellip;<\/p>\n","protected":false},"author":3,"featured_media":0,"parent":0,"menu_order":1,"comment_status":"closed","ping_status":"closed","template":"elementor_theme","meta":{"footnotes":""},"class_list":["post-278","page","type-page","status-publish","hentry"],"_links":{"self":[{"href":"https:\/\/nyirvideki.kisvasut.hu\/index.php?rest_route=\/wp\/v2\/pages\/278","targetHints":{"allow":["GET"]}}],"collection":[{"href":"https:\/\/nyirvideki.kisvasut.hu\/index.php?rest_route=\/wp\/v2\/pages"}],"about":[{"href":"https:\/\/nyirvideki.kisvasut.hu\/index.php?rest_route=\/wp\/v2\/types\/page"}],"author":[{"embeddable":true,"href":"https:\/\/nyirvideki.kisvasut.hu\/index.php?rest_route=\/wp\/v2\/users\/3"}],"replies":[{"embeddable":true,"href":"https:\/\/nyirvideki.kisvasut.hu\/index.php?rest_route=%2Fwp%2Fv2%2Fcomments&post=278"}],"version-history":[{"count":40,"href":"https:\/\/nyirvideki.kisvasut.hu\/index.php?rest_route=\/wp\/v2\/pages\/278\/revisions"}],"predecessor-version":[{"id":551,"href":"https:\/\/nyirvideki.kisvasut.hu\/index.php?rest_route=\/wp\/v2\/pages\/278\/revisions\/551"}],"wp:attachment":[{"href":"https:\/\/nyirvideki.kisvasut.hu\/index.php?rest_route=%2Fwp%2Fv2%2Fmedia&parent=278"}],"curies":[{"name":"wp","href":"https:\/\/api.w.org\/{rel}","templated":true}]}}