{"id":35,"date":"2025-06-19T10:36:10","date_gmt":"2025-06-19T10:36:10","guid":{"rendered":"http:\/\/nyirvideki.kisvasut.hu\/?page_id=35"},"modified":"2025-12-29T12:05:56","modified_gmt":"2025-12-29T11:05:56","slug":"elementor-35","status":"publish","type":"page","link":"https:\/\/nyirvideki.kisvasut.hu\/","title":{"rendered":"Kezd\u0151lap"},"content":{"rendered":"\t\t<div data-elementor-type=\"wp-post\" data-elementor-id=\"35\" class=\"elementor elementor-35\">\n\t\t\t\t\t\t<section class=\"elementor-section elementor-top-section elementor-element elementor-element-30bca67 elementor-section-boxed elementor-section-height-default elementor-section-height-default\" data-id=\"30bca67\" data-element_type=\"section\">\n\t\t\t\t\t\t<div class=\"elementor-container elementor-column-gap-default\">\n\t\t\t\t\t<div class=\"elementor-column elementor-col-100 elementor-top-column elementor-element elementor-element-50deb4f\" data-id=\"50deb4f\" data-element_type=\"column\">\n\t\t\t<div class=\"elementor-widget-wrap elementor-element-populated\">\n\t\t\t\t\t\t<div class=\"elementor-element elementor-element-4937479 elementor-widget elementor-widget-text-editor\" data-id=\"4937479\" data-element_type=\"widget\" data-widget_type=\"text-editor.default\">\n\t\t\t\t<div class=\"elementor-widget-container\">\n\t\t\t\t\t\t\t\t\t<h4>\u00dcdv\u00f6z\u00f6lj\u00fck a Ny\u00edrvid\u00e9ki Kisvas\u00fat honlapj\u00e1n<\/h4><p>Egy \u00f6nk\u00e9ntes csoport \u00f6ssze\u00e1llt, hogy megmentse \u00e9s \u00fajra haszn\u00e1lhat\u00f3v\u00e1 tegye a nagy t\u00f6rt\u00e9nelemmel rendelkez\u0151 kisvas\u00fat egy szakasz\u00e1t.<\/p><p>Honlapunkon a szakcsoport \u00e9let\u00e9t, h\u00edreit \u00e9s a kisvas\u00fattal kapcsolatos m\u00faltb\u00e9li \u00e9s j\u00f6v\u0151beli esem\u00e9nyeket, rendezv\u00e9nyeket, h\u00edreket k\u00f6vethetik.\u00a0<\/p>\t\t\t\t\t\t\t\t<\/div>\n\t\t\t\t<\/div>\n\t\t\t\t\t<\/div>\n\t\t<\/div>\n\t\t\t\t\t<\/div>\n\t\t<\/section>\n\t\t\t\t<section class=\"elementor-section elementor-top-section elementor-element elementor-element-2b3ad0e elementor-section-boxed elementor-section-height-default elementor-section-height-default\" data-id=\"2b3ad0e\" data-element_type=\"section\">\n\t\t\t\t\t\t<div class=\"elementor-container elementor-column-gap-default\">\n\t\t\t\t\t<div class=\"elementor-column elementor-col-100 elementor-top-column elementor-element elementor-element-e404409\" data-id=\"e404409\" data-element_type=\"column\">\n\t\t\t<div class=\"elementor-widget-wrap elementor-element-populated\">\n\t\t\t\t\t\t<div class=\"elementor-element elementor-element-6f91ef9 elementor-arrows-position-inside elementor-widget elementor-widget-image-carousel\" data-id=\"6f91ef9\" data-element_type=\"widget\" data-settings=\"{&quot;slides_to_show&quot;:&quot;1&quot;,&quot;navigation&quot;:&quot;arrows&quot;,&quot;autoplay&quot;:&quot;yes&quot;,&quot;pause_on_hover&quot;:&quot;yes&quot;,&quot;pause_on_interaction&quot;:&quot;yes&quot;,&quot;autoplay_speed&quot;:5000,&quot;infinite&quot;:&quot;yes&quot;,&quot;effect&quot;:&quot;slide&quot;,&quot;speed&quot;:500}\" data-widget_type=\"image-carousel.default\">\n\t\t\t\t<div class=\"elementor-widget-container\">\n\t\t\t\t\t\t\t<div class=\"elementor-image-carousel-wrapper swiper\" role=\"region\" aria-roledescription=\"carousel\" aria-label=\"Kezd\u0151lap\" dir=\"ltr\">\n\t\t\t<div class=\"elementor-image-carousel swiper-wrapper\" aria-live=\"off\">\n\t\t\t\t\t\t\t\t<div class=\"swiper-slide\" role=\"group\" aria-roledescription=\"slide\" aria-label=\"1 \/ 10\"><figure class=\"swiper-slide-inner\"><img decoding=\"async\" class=\"swiper-slide-image\" src=\"https:\/\/nyirvideki.kisvasut.hu\/wp-content\/uploads\/2025\/12\/20230823_193349-1024x576.jpg\" alt=\"20230823_193349\" \/><\/figure><\/div><div class=\"swiper-slide\" role=\"group\" aria-roledescription=\"slide\" aria-label=\"2 \/ 10\"><figure class=\"swiper-slide-inner\"><img decoding=\"async\" class=\"swiper-slide-image\" src=\"https:\/\/nyirvideki.kisvasut.hu\/wp-content\/uploads\/2025\/12\/20250111_080652-1024x576.jpg\" alt=\"20250111_080652\" \/><\/figure><\/div><div class=\"swiper-slide\" role=\"group\" aria-roledescription=\"slide\" aria-label=\"3 \/ 10\"><figure class=\"swiper-slide-inner\"><img decoding=\"async\" class=\"swiper-slide-image\" src=\"https:\/\/nyirvideki.kisvasut.hu\/wp-content\/uploads\/2025\/12\/20250328_153403-1024x577.jpg\" alt=\"20250328_153403\" \/><\/figure><\/div><div class=\"swiper-slide\" role=\"group\" aria-roledescription=\"slide\" aria-label=\"4 \/ 10\"><figure class=\"swiper-slide-inner\"><img decoding=\"async\" class=\"swiper-slide-image\" src=\"https:\/\/nyirvideki.kisvasut.hu\/wp-content\/uploads\/2025\/12\/20250810_152844-1024x577.jpg\" alt=\"20250810_152844\" \/><\/figure><\/div><div class=\"swiper-slide\" role=\"group\" aria-roledescription=\"slide\" aria-label=\"5 \/ 10\"><figure class=\"swiper-slide-inner\"><img decoding=\"async\" class=\"swiper-slide-image\" src=\"https:\/\/nyirvideki.kisvasut.hu\/wp-content\/uploads\/2025\/12\/20250811_070119-1024x577.jpg\" alt=\"20250811_070119\" \/><\/figure><\/div><div class=\"swiper-slide\" role=\"group\" aria-roledescription=\"slide\" aria-label=\"6 \/ 10\"><figure class=\"swiper-slide-inner\"><img decoding=\"async\" class=\"swiper-slide-image\" src=\"https:\/\/nyirvideki.kisvasut.hu\/wp-content\/uploads\/2025\/07\/20250519_132649-1024x577.jpg\" alt=\"20250519_132649\" \/><\/figure><\/div><div class=\"swiper-slide\" role=\"group\" aria-roledescription=\"slide\" aria-label=\"7 \/ 10\"><figure class=\"swiper-slide-inner\"><img decoding=\"async\" class=\"swiper-slide-image\" src=\"https:\/\/nyirvideki.kisvasut.hu\/wp-content\/uploads\/2025\/06\/received_860668138836535-1024x768.jpeg\" alt=\"received_860668138836535\" \/><\/figure><\/div><div class=\"swiper-slide\" role=\"group\" aria-roledescription=\"slide\" aria-label=\"8 \/ 10\"><figure class=\"swiper-slide-inner\"><img decoding=\"async\" class=\"swiper-slide-image\" src=\"https:\/\/nyirvideki.kisvasut.hu\/wp-content\/uploads\/2025\/06\/20240120_122726-1024x576.jpg\" alt=\"20240120_122726\" \/><\/figure><\/div><div class=\"swiper-slide\" role=\"group\" aria-roledescription=\"slide\" aria-label=\"9 \/ 10\"><figure class=\"swiper-slide-inner\"><img decoding=\"async\" class=\"swiper-slide-image\" src=\"https:\/\/nyirvideki.kisvasut.hu\/wp-content\/uploads\/2025\/06\/20250501_192328-1024x577.jpg\" alt=\"Ujdombrad_majalis_hajtanyok\" \/><\/figure><\/div><div class=\"swiper-slide\" role=\"group\" aria-roledescription=\"slide\" aria-label=\"10 \/ 10\"><figure class=\"swiper-slide-inner\"><img decoding=\"async\" class=\"swiper-slide-image\" src=\"https:\/\/nyirvideki.kisvasut.hu\/wp-content\/uploads\/2025\/06\/20250609_085052-1024x577.jpg\" alt=\"Dombradmuskatli\" \/><\/figure><\/div>\t\t\t<\/div>\n\t\t\t\t\t\t\t\t\t\t\t\t<div class=\"elementor-swiper-button elementor-swiper-button-prev\" role=\"button\" tabindex=\"0\">\n\t\t\t\t\t\t<i aria-hidden=\"true\" class=\"eicon-chevron-left\"><\/i>\t\t\t\t\t<\/div>\n\t\t\t\t\t<div class=\"elementor-swiper-button elementor-swiper-button-next\" role=\"button\" tabindex=\"0\">\n\t\t\t\t\t\t<i aria-hidden=\"true\" class=\"eicon-chevron-right\"><\/i>\t\t\t\t\t<\/div>\n\t\t\t\t\n\t\t\t\t\t\t\t\t\t<\/div>\n\t\t\t\t\t\t<\/div>\n\t\t\t\t<\/div>\n\t\t\t\t\t<\/div>\n\t\t<\/div>\n\t\t\t\t\t<\/div>\n\t\t<\/section>\n\t\t\t\t<\/div>\n\t\t","protected":false},"excerpt":{"rendered":"<p>\u00dcdv\u00f6z\u00f6lj\u00fck a Ny\u00edrvid\u00e9ki Kisvas\u00fat honlapj\u00e1n Egy \u00f6nk\u00e9ntes csoport \u00f6ssze\u00e1llt, hogy megmentse \u00e9s \u00fajra haszn\u00e1lhat\u00f3v\u00e1 tegye a nagy t\u00f6rt\u00e9nelemmel rendelkez\u0151 kisvas\u00fat egy szakasz\u00e1t. Honlapunkon a szakcsoport&hellip;<\/p>\n","protected":false},"author":1,"featured_media":0,"parent":0,"menu_order":0,"comment_status":"closed","ping_status":"closed","template":"","meta":{"footnotes":""},"class_list":["post-35","page","type-page","status-publish","hentry"],"_links":{"self":[{"href":"https:\/\/nyirvideki.kisvasut.hu\/index.php?rest_route=\/wp\/v2\/pages\/35","targetHints":{"allow":["GET"]}}],"collection":[{"href":"https:\/\/nyirvideki.kisvasut.hu\/index.php?rest_route=\/wp\/v2\/pages"}],"about":[{"href":"https:\/\/nyirvideki.kisvasut.hu\/index.php?rest_route=\/wp\/v2\/types\/page"}],"author":[{"embeddable":true,"href":"https:\/\/nyirvideki.kisvasut.hu\/index.php?rest_route=\/wp\/v2\/users\/1"}],"replies":[{"embeddable":true,"href":"https:\/\/nyirvideki.kisvasut.hu\/index.php?rest_route=%2Fwp%2Fv2%2Fcomments&post=35"}],"version-history":[{"count":73,"href":"https:\/\/nyirvideki.kisvasut.hu\/index.php?rest_route=\/wp\/v2\/pages\/35\/revisions"}],"predecessor-version":[{"id":567,"href":"https:\/\/nyirvideki.kisvasut.hu\/index.php?rest_route=\/wp\/v2\/pages\/35\/revisions\/567"}],"wp:attachment":[{"href":"https:\/\/nyirvideki.kisvasut.hu\/index.php?rest_route=%2Fwp%2Fv2%2Fmedia&parent=35"}],"curies":[{"name":"wp","href":"https:\/\/api.w.org\/{rel}","templated":true}]}}