{"id":400,"date":"2025-06-28T14:22:18","date_gmt":"2025-06-28T12:22:18","guid":{"rendered":"https:\/\/nyirvideki.kisvasut.hu\/?page_id=400"},"modified":"2025-08-24T10:29:26","modified_gmt":"2025-08-24T08:29:26","slug":"hirek-2","status":"publish","type":"page","link":"https:\/\/nyirvideki.kisvasut.hu\/?page_id=400","title":{"rendered":"H\u00edrek"},"content":{"rendered":"\t\t<div data-elementor-type=\"wp-page\" data-elementor-id=\"400\" class=\"elementor elementor-400\">\n\t\t\t\t\t\t<section class=\"elementor-section elementor-top-section elementor-element elementor-element-c6a5088 elementor-section-boxed elementor-section-height-default elementor-section-height-default\" data-id=\"c6a5088\" data-element_type=\"section\">\n\t\t\t\t\t\t<div class=\"elementor-container elementor-column-gap-default\">\n\t\t\t\t\t<div class=\"elementor-column elementor-col-100 elementor-top-column elementor-element elementor-element-f0b2e54\" data-id=\"f0b2e54\" data-element_type=\"column\">\n\t\t\t<div class=\"elementor-widget-wrap elementor-element-populated\">\n\t\t\t\t\t\t<div class=\"elementor-element elementor-element-d54f194 elementor-widget elementor-widget-heading\" data-id=\"d54f194\" data-element_type=\"widget\" data-widget_type=\"heading.default\">\n\t\t\t\t<div class=\"elementor-widget-container\">\n\t\t\t\t\t<h2 class=\"elementor-heading-title elementor-size-default\">\u00dajdons\u00e1gok a szakcsoportunkn\u00e1l<\/h2>\t\t\t\t<\/div>\n\t\t\t\t<\/div>\n\t\t\t\t\t<\/div>\n\t\t<\/div>\n\t\t\t\t\t<\/div>\n\t\t<\/section>\n\t\t\t\t<section class=\"elementor-section elementor-top-section elementor-element elementor-element-eaef754 elementor-section-boxed elementor-section-height-default elementor-section-height-default\" data-id=\"eaef754\" data-element_type=\"section\">\n\t\t\t\t\t\t<div class=\"elementor-container elementor-column-gap-default\">\n\t\t\t\t\t<div class=\"elementor-column elementor-col-100 elementor-top-column elementor-element elementor-element-2fe9961\" data-id=\"2fe9961\" data-element_type=\"column\">\n\t\t\t<div class=\"elementor-widget-wrap elementor-element-populated\">\n\t\t\t\t\t\t<div class=\"elementor-element elementor-element-268d681 elementor-widget-divider--view-line elementor-widget elementor-widget-divider\" data-id=\"268d681\" data-element_type=\"widget\" data-widget_type=\"divider.default\">\n\t\t\t\t<div class=\"elementor-widget-container\">\n\t\t\t\t\t\t\t<div class=\"elementor-divider\">\n\t\t\t<span class=\"elementor-divider-separator\">\n\t\t\t\t\t\t<\/span>\n\t\t<\/div>\n\t\t\t\t\t\t<\/div>\n\t\t\t\t<\/div>\n\t\t\t\t\t<\/div>\n\t\t<\/div>\n\t\t\t\t\t<\/div>\n\t\t<\/section>\n\t\t\t\t<section class=\"elementor-section elementor-top-section elementor-element elementor-element-c7131e7 elementor-section-boxed elementor-section-height-default elementor-section-height-default\" data-id=\"c7131e7\" data-element_type=\"section\">\n\t\t\t\t\t\t<div class=\"elementor-container elementor-column-gap-default\">\n\t\t\t\t\t<div class=\"elementor-column elementor-col-100 elementor-top-column elementor-element elementor-element-9864c59\" data-id=\"9864c59\" data-element_type=\"column\">\n\t\t\t<div class=\"elementor-widget-wrap elementor-element-populated\">\n\t\t\t\t\t\t<div class=\"elementor-element elementor-element-8e2506e elementor-widget elementor-widget-heading\" data-id=\"8e2506e\" data-element_type=\"widget\" data-widget_type=\"heading.default\">\n\t\t\t\t<div class=\"elementor-widget-container\">\n\t\t\t\t\t<h2 class=\"elementor-heading-title elementor-size-default\">2025.08.11.\nMeg\u00fajult a dombr\u00e1di T\u00e1ncsics \u00fati \u00e1tj\u00e1r\u00f3<\/h2>\t\t\t\t<\/div>\n\t\t\t\t<\/div>\n\t\t\t\t\t<\/div>\n\t\t<\/div>\n\t\t\t\t\t<\/div>\n\t\t<\/section>\n\t\t\t\t<section class=\"elementor-section elementor-top-section elementor-element elementor-element-f22bd3a elementor-section-boxed elementor-section-height-default elementor-section-height-default\" data-id=\"f22bd3a\" data-element_type=\"section\">\n\t\t\t\t\t\t<div class=\"elementor-container elementor-column-gap-default\">\n\t\t\t\t\t<div class=\"elementor-column elementor-col-100 elementor-top-column elementor-element elementor-element-08145fb\" data-id=\"08145fb\" data-element_type=\"column\">\n\t\t\t<div class=\"elementor-widget-wrap elementor-element-populated\">\n\t\t\t\t\t\t<div class=\"elementor-element elementor-element-45cce5f elementor-widget elementor-widget-text-editor\" data-id=\"45cce5f\" data-element_type=\"widget\" data-widget_type=\"text-editor.default\">\n\t\t\t\t<div class=\"elementor-widget-container\">\n\t\t\t\t\t\t\t\t\t<p>H\u00e9tf\u0151n m\u00e1r kora reggel cs\u00e1k\u00e1nyok \u00e9s szersz\u00e1mok hangja t\u00f6rte meg a csendet, ugyanis csapatunk nekil\u00e1tott az \u00e9vek \u00f3ta rossz min\u0151s\u00e9g\u0171 \u00fat\u00e1tj\u00e1r\u00f3t rendbetenni. Az id\u0151 kedves volt hozz\u00e1nk, \u00edgy nem a h\u0151s\u00e9gben kellett dolgoznunk. D\u00e9lre m\u00e1r a munka fele meg is volt, h\u00e1la a szak\u00e9rt\u0151 csapatnak akik a seg\u00edts\u00e9g\u00fcnkre voltak. D\u00e9lut\u00e1nra m\u00e1r csak az aszfaltr\u00e9teg felh\u00faz\u00e1sa maradt, ezzel koron\u00e1zva a feluj\u00edt\u00e1st. Az \u00fatburkolat alatt a vas\u00fati p\u00e1lya is meg\u00fajult, ezzel biztons\u00e1goss\u00e1 t\u00e9ve a k\u00f6zleked\u00e9st a vas\u00fati j\u00e1rm\u0171vek sz\u00e1m\u00e1ra is.<\/p><p>A k\u00e9pek maguk\u00e9rt besz\u00e9lnek<\/p>\t\t\t\t\t\t\t\t<\/div>\n\t\t\t\t<\/div>\n\t\t\t\t\t<\/div>\n\t\t<\/div>\n\t\t\t\t\t<\/div>\n\t\t<\/section>\n\t\t\t\t<section class=\"elementor-section elementor-top-section elementor-element elementor-element-48bc759 elementor-section-boxed elementor-section-height-default elementor-section-height-default\" data-id=\"48bc759\" data-element_type=\"section\">\n\t\t\t\t\t\t<div class=\"elementor-container elementor-column-gap-default\">\n\t\t\t\t\t<div class=\"elementor-column elementor-col-100 elementor-top-column elementor-element elementor-element-7980c55\" data-id=\"7980c55\" data-element_type=\"column\">\n\t\t\t<div class=\"elementor-widget-wrap elementor-element-populated\">\n\t\t\t\t\t\t<div class=\"elementor-element elementor-element-302654a elementor-widget elementor-widget-image\" data-id=\"302654a\" data-element_type=\"widget\" data-widget_type=\"image.default\">\n\t\t\t\t<div class=\"elementor-widget-container\">\n\t\t\t\t\t\t\t\t\t\t\t\t<figure class=\"wp-caption\">\n\t\t\t\t\t\t\t\t\t\t<img fetchpriority=\"high\" decoding=\"async\" width=\"768\" height=\"432\" src=\"https:\/\/nyirvideki.kisvasut.hu\/wp-content\/uploads\/2025\/08\/20231104_091717-768x432.jpg\" class=\"attachment-medium_large size-medium_large wp-image-527\" alt=\"\" srcset=\"https:\/\/nyirvideki.kisvasut.hu\/wp-content\/uploads\/2025\/08\/20231104_091717-768x432.jpg 768w, https:\/\/nyirvideki.kisvasut.hu\/wp-content\/uploads\/2025\/08\/20231104_091717-300x169.jpg 300w, https:\/\/nyirvideki.kisvasut.hu\/wp-content\/uploads\/2025\/08\/20231104_091717-1024x576.jpg 1024w, https:\/\/nyirvideki.kisvasut.hu\/wp-content\/uploads\/2025\/08\/20231104_091717-1536x864.jpg 1536w, https:\/\/nyirvideki.kisvasut.hu\/wp-content\/uploads\/2025\/08\/20231104_091717-2048x1153.jpg 2048w\" sizes=\"(max-width: 768px) 100vw, 768px\" \/>\t\t\t\t\t\t\t\t\t\t\t<figcaption class=\"widget-image-caption wp-caption-text\">El\u0151tte<\/figcaption>\n\t\t\t\t\t\t\t\t\t\t<\/figure>\n\t\t\t\t\t\t\t\t\t<\/div>\n\t\t\t\t<\/div>\n\t\t\t\t\t<\/div>\n\t\t<\/div>\n\t\t\t\t\t<\/div>\n\t\t<\/section>\n\t\t\t\t<section class=\"elementor-section elementor-top-section elementor-element elementor-element-f02f25d elementor-section-boxed elementor-section-height-default elementor-section-height-default\" data-id=\"f02f25d\" data-element_type=\"section\">\n\t\t\t\t\t\t<div class=\"elementor-container elementor-column-gap-default\">\n\t\t\t\t\t<div class=\"elementor-column elementor-col-100 elementor-top-column elementor-element elementor-element-d7b9d08\" data-id=\"d7b9d08\" data-element_type=\"column\">\n\t\t\t<div class=\"elementor-widget-wrap elementor-element-populated\">\n\t\t\t\t\t\t<div class=\"elementor-element elementor-element-83a714d elementor-widget elementor-widget-image\" data-id=\"83a714d\" data-element_type=\"widget\" data-widget_type=\"image.default\">\n\t\t\t\t<div class=\"elementor-widget-container\">\n\t\t\t\t\t\t\t\t\t\t\t\t<figure class=\"wp-caption\">\n\t\t\t\t\t\t\t\t\t\t<img decoding=\"async\" width=\"843\" height=\"475\" src=\"https:\/\/nyirvideki.kisvasut.hu\/wp-content\/uploads\/2025\/08\/20250811_070049-1024x577.jpg\" class=\"attachment-large size-large wp-image-528\" alt=\"\" srcset=\"https:\/\/nyirvideki.kisvasut.hu\/wp-content\/uploads\/2025\/08\/20250811_070049-1024x577.jpg 1024w, https:\/\/nyirvideki.kisvasut.hu\/wp-content\/uploads\/2025\/08\/20250811_070049-300x169.jpg 300w, https:\/\/nyirvideki.kisvasut.hu\/wp-content\/uploads\/2025\/08\/20250811_070049-768x432.jpg 768w, https:\/\/nyirvideki.kisvasut.hu\/wp-content\/uploads\/2025\/08\/20250811_070049-1536x865.jpg 1536w, https:\/\/nyirvideki.kisvasut.hu\/wp-content\/uploads\/2025\/08\/20250811_070049-2048x1153.jpg 2048w\" sizes=\"(max-width: 843px) 100vw, 843px\" \/>\t\t\t\t\t\t\t\t\t\t\t<figcaption class=\"widget-image-caption wp-caption-text\">K\u00f6zben<\/figcaption>\n\t\t\t\t\t\t\t\t\t\t<\/figure>\n\t\t\t\t\t\t\t\t\t<\/div>\n\t\t\t\t<\/div>\n\t\t\t\t\t<\/div>\n\t\t<\/div>\n\t\t\t\t\t<\/div>\n\t\t<\/section>\n\t\t\t\t<section class=\"elementor-section elementor-top-section elementor-element elementor-element-38f4678 elementor-section-boxed elementor-section-height-default elementor-section-height-default\" data-id=\"38f4678\" data-element_type=\"section\">\n\t\t\t\t\t\t<div class=\"elementor-container elementor-column-gap-default\">\n\t\t\t\t\t<div class=\"elementor-column elementor-col-100 elementor-top-column elementor-element elementor-element-476d5a1\" data-id=\"476d5a1\" data-element_type=\"column\">\n\t\t\t<div class=\"elementor-widget-wrap elementor-element-populated\">\n\t\t\t\t\t\t<div class=\"elementor-element elementor-element-23c6d82 elementor-widget elementor-widget-image\" data-id=\"23c6d82\" data-element_type=\"widget\" data-widget_type=\"image.default\">\n\t\t\t\t<div class=\"elementor-widget-container\">\n\t\t\t\t\t\t\t\t\t\t\t\t<figure class=\"wp-caption\">\n\t\t\t\t\t\t\t\t\t\t<img decoding=\"async\" width=\"768\" height=\"1364\" src=\"https:\/\/nyirvideki.kisvasut.hu\/wp-content\/uploads\/2025\/08\/20250811_175910-768x1364.jpg\" class=\"attachment-medium_large size-medium_large wp-image-530\" alt=\"\" srcset=\"https:\/\/nyirvideki.kisvasut.hu\/wp-content\/uploads\/2025\/08\/20250811_175910-768x1364.jpg 768w, https:\/\/nyirvideki.kisvasut.hu\/wp-content\/uploads\/2025\/08\/20250811_175910-169x300.jpg 169w, https:\/\/nyirvideki.kisvasut.hu\/wp-content\/uploads\/2025\/08\/20250811_175910-577x1024.jpg 577w, https:\/\/nyirvideki.kisvasut.hu\/wp-content\/uploads\/2025\/08\/20250811_175910-865x1536.jpg 865w, https:\/\/nyirvideki.kisvasut.hu\/wp-content\/uploads\/2025\/08\/20250811_175910-1153x2048.jpg 1153w, https:\/\/nyirvideki.kisvasut.hu\/wp-content\/uploads\/2025\/08\/20250811_175910-scaled.jpg 1441w\" sizes=\"(max-width: 768px) 100vw, 768px\" \/>\t\t\t\t\t\t\t\t\t\t\t<figcaption class=\"widget-image-caption wp-caption-text\">Ut\u00e1na<\/figcaption>\n\t\t\t\t\t\t\t\t\t\t<\/figure>\n\t\t\t\t\t\t\t\t\t<\/div>\n\t\t\t\t<\/div>\n\t\t\t\t\t<\/div>\n\t\t<\/div>\n\t\t\t\t\t<\/div>\n\t\t<\/section>\n\t\t\t\t<\/div>\n\t\t","protected":false},"excerpt":{"rendered":"<p>\u00dajdons\u00e1gok a szakcsoportunkn\u00e1l 2025.08.11. Meg\u00fajult a dombr\u00e1di T\u00e1ncsics \u00fati \u00e1tj\u00e1r\u00f3 H\u00e9tf\u0151n m\u00e1r kora reggel cs\u00e1k\u00e1nyok \u00e9s szersz\u00e1mok hangja t\u00f6rte meg a csendet, ugyanis csapatunk nekil\u00e1tott&hellip;<\/p>\n","protected":false},"author":3,"featured_media":0,"parent":0,"menu_order":0,"comment_status":"closed","ping_status":"closed","template":"elementor_theme","meta":{"footnotes":""},"class_list":["post-400","page","type-page","status-publish","hentry"],"_links":{"self":[{"href":"https:\/\/nyirvideki.kisvasut.hu\/index.php?rest_route=\/wp\/v2\/pages\/400","targetHints":{"allow":["GET"]}}],"collection":[{"href":"https:\/\/nyirvideki.kisvasut.hu\/index.php?rest_route=\/wp\/v2\/pages"}],"about":[{"href":"https:\/\/nyirvideki.kisvasut.hu\/index.php?rest_route=\/wp\/v2\/types\/page"}],"author":[{"embeddable":true,"href":"https:\/\/nyirvideki.kisvasut.hu\/index.php?rest_route=\/wp\/v2\/users\/3"}],"replies":[{"embeddable":true,"href":"https:\/\/nyirvideki.kisvasut.hu\/index.php?rest_route=%2Fwp%2Fv2%2Fcomments&post=400"}],"version-history":[{"count":13,"href":"https:\/\/nyirvideki.kisvasut.hu\/index.php?rest_route=\/wp\/v2\/pages\/400\/revisions"}],"predecessor-version":[{"id":539,"href":"https:\/\/nyirvideki.kisvasut.hu\/index.php?rest_route=\/wp\/v2\/pages\/400\/revisions\/539"}],"wp:attachment":[{"href":"https:\/\/nyirvideki.kisvasut.hu\/index.php?rest_route=%2Fwp%2Fv2%2Fmedia&parent=400"}],"curies":[{"name":"wp","href":"https:\/\/api.w.org\/{rel}","templated":true}]}}