{"id":59,"date":"2021-01-06T10:31:13","date_gmt":"2021-01-06T10:31:13","guid":{"rendered":"http:\/\/nyirvideki.kisvasut.hu\/?page_id=59"},"modified":"2025-12-29T13:17:03","modified_gmt":"2025-12-29T12:17:03","slug":"tamogatas","status":"publish","type":"page","link":"https:\/\/nyirvideki.kisvasut.hu\/?page_id=59","title":{"rendered":"T\u00e1mogat\u00e1s"},"content":{"rendered":"\t\t<div data-elementor-type=\"wp-post\" data-elementor-id=\"59\" class=\"elementor elementor-59\">\n\t\t\t\t\t\t<section class=\"elementor-section elementor-top-section elementor-element elementor-element-7053db1 elementor-section-boxed elementor-section-height-default elementor-section-height-default\" data-id=\"7053db1\" data-element_type=\"section\">\n\t\t\t\t\t\t<div class=\"elementor-container elementor-column-gap-default\">\n\t\t\t\t\t<div class=\"elementor-column elementor-col-100 elementor-top-column elementor-element elementor-element-bf063f0\" data-id=\"bf063f0\" data-element_type=\"column\">\n\t\t\t<div class=\"elementor-widget-wrap elementor-element-populated\">\n\t\t\t\t\t\t<div class=\"elementor-element elementor-element-e8791c9 elementor-widget elementor-widget-heading\" data-id=\"e8791c9\" data-element_type=\"widget\" data-widget_type=\"heading.default\">\n\t\t\t\t<div class=\"elementor-widget-container\">\n\t\t\t\t\t<h2 class=\"elementor-heading-title elementor-size-default\">Ha szeretn\u00e9l t\u00e1mogatni minket az al\u00e1bbi m\u00f3dokon tudod ezt megtenni<\/h2>\t\t\t\t<\/div>\n\t\t\t\t<\/div>\n\t\t\t\t\t<\/div>\n\t\t<\/div>\n\t\t\t\t\t<\/div>\n\t\t<\/section>\n\t\t\t\t<section class=\"elementor-section elementor-top-section elementor-element elementor-element-bf4c102 elementor-section-boxed elementor-section-height-default elementor-section-height-default\" data-id=\"bf4c102\" data-element_type=\"section\">\n\t\t\t\t\t\t<div class=\"elementor-container elementor-column-gap-default\">\n\t\t\t\t\t<div class=\"elementor-column elementor-col-100 elementor-top-column elementor-element elementor-element-713e904\" data-id=\"713e904\" data-element_type=\"column\">\n\t\t\t<div class=\"elementor-widget-wrap elementor-element-populated\">\n\t\t\t\t\t\t<div class=\"elementor-element elementor-element-f3336f8 elementor-widget elementor-widget-text-editor\" data-id=\"f3336f8\" data-element_type=\"widget\" data-widget_type=\"text-editor.default\">\n\t\t\t\t<div class=\"elementor-widget-container\">\n\t\t\t\t\t\t\t\t\t<p>Csatlakozz hozz\u00e1nk \u00e9s legy\u00e9l az \u00f6nk\u00e9ntes csapat tagja<\/p>\t\t\t\t\t\t\t\t<\/div>\n\t\t\t\t<\/div>\n\t\t\t\t\t<\/div>\n\t\t<\/div>\n\t\t\t\t\t<\/div>\n\t\t<\/section>\n\t\t\t\t<section class=\"elementor-section elementor-top-section elementor-element elementor-element-7ff7df5 elementor-section-boxed elementor-section-height-default elementor-section-height-default\" data-id=\"7ff7df5\" data-element_type=\"section\">\n\t\t\t\t\t\t<div class=\"elementor-container elementor-column-gap-default\">\n\t\t\t\t\t<div class=\"elementor-column elementor-col-100 elementor-top-column elementor-element elementor-element-d9e5b61\" data-id=\"d9e5b61\" data-element_type=\"column\">\n\t\t\t<div class=\"elementor-widget-wrap elementor-element-populated\">\n\t\t\t\t\t\t<div class=\"elementor-element elementor-element-bbd7d92 elementor-widget elementor-widget-text-editor\" data-id=\"bbd7d92\" data-element_type=\"widget\" data-widget_type=\"text-editor.default\">\n\t\t\t\t<div class=\"elementor-widget-container\">\n\t\t\t\t\t\t\t\t\t<p>T\u00e1rgyi felaj\u00e1nl\u00e1s eset\u00e9n (b\u00fatorok, eszk\u00f6z\u00f6k, szersz\u00e1mok, \u00e9p\u00edt\u0151anyagok) e-mailben vedd fel vel\u00fcnk a kapcsolatot.<\/p>\t\t\t\t\t\t\t\t<\/div>\n\t\t\t\t<\/div>\n\t\t\t\t\t<\/div>\n\t\t<\/div>\n\t\t\t\t\t<\/div>\n\t\t<\/section>\n\t\t\t\t<section class=\"elementor-section elementor-top-section elementor-element elementor-element-1b86994 elementor-section-boxed elementor-section-height-default elementor-section-height-default\" data-id=\"1b86994\" data-element_type=\"section\">\n\t\t\t\t\t\t<div class=\"elementor-container elementor-column-gap-default\">\n\t\t\t\t\t<div class=\"elementor-column elementor-col-100 elementor-top-column elementor-element elementor-element-394d6a2\" data-id=\"394d6a2\" data-element_type=\"column\">\n\t\t\t<div class=\"elementor-widget-wrap elementor-element-populated\">\n\t\t\t\t\t\t<div class=\"elementor-element elementor-element-7162f67 elementor-widget elementor-widget-text-editor\" data-id=\"7162f67\" data-element_type=\"widget\" data-widget_type=\"text-editor.default\">\n\t\t\t\t<div class=\"elementor-widget-container\">\n\t\t\t\t\t\t\t\t\t<p>Az \u00f6nk\u00e9ntesekkel dolgozunk azon, hogy amint lehet megnyithassuk a hajt\u00e1nyp\u00e1ly\u00e1t a nagyk\u00f6z\u00f6ns\u00e9g sz\u00e1m\u00e1ra, ezzel \u00fajra \u00e9letre kelts\u00fck a Ny\u00edrvid\u00e9ki Kisvas\u00fat ezen szakasz\u00e1t.<\/p><p>Adom\u00e1nyoddal az al\u00e1bbi sz\u00e1mlasz\u00e1mon tudod seg\u00edteni m\u0171k\u00f6d\u00e9s\u00fcnket:<\/p><div class=\"text_exposed_show\"><p>11712004-20206435 (OTP Bank Nyrt.)<\/p><p>N\u00e9v: Kisvasutak Bar\u00e1ti K\u00f6re Egyes\u00fclet<br \/>Megjegyz\u00e9s: Ny\u00edrvid\u00e9ki adom\u00e1ny<\/p><\/div>\t\t\t\t\t\t\t\t<\/div>\n\t\t\t\t<\/div>\n\t\t\t\t\t<\/div>\n\t\t<\/div>\n\t\t\t\t\t<\/div>\n\t\t<\/section>\n\t\t\t\t<section class=\"elementor-section elementor-top-section elementor-element elementor-element-c77088f elementor-section-boxed elementor-section-height-default elementor-section-height-default\" data-id=\"c77088f\" data-element_type=\"section\">\n\t\t\t\t\t\t<div class=\"elementor-container elementor-column-gap-default\">\n\t\t\t\t\t<div class=\"elementor-column elementor-col-100 elementor-top-column elementor-element elementor-element-daa53a5\" data-id=\"daa53a5\" data-element_type=\"column\">\n\t\t\t<div class=\"elementor-widget-wrap elementor-element-populated\">\n\t\t\t\t\t\t<div class=\"elementor-element elementor-element-473d2bd elementor-widget elementor-widget-text-editor\" data-id=\"473d2bd\" data-element_type=\"widget\" data-widget_type=\"text-editor.default\">\n\t\t\t\t<div class=\"elementor-widget-container\">\n\t\t\t\t\t\t\t\t\t<p>Figyelem!!<br \/>Az egyes\u00fclet ad\u00f3sz\u00e1m\u00e1ban v\u00e1ltoz\u00e1s t\u00f6rt\u00e9nt! K\u00e9rj\u00fck az ad\u00f3 1%-nak felaj\u00e1nl\u00e1s\u00e1n\u00e1l \u00e9s az utal\u00e1sokn\u00e1l megfelel\u0151en \u00edrja be az adatokat!<br \/>K\u00f6sz\u00f6nj\u00fck!<\/p>\t\t\t\t\t\t\t\t<\/div>\n\t\t\t\t<\/div>\n\t\t\t\t\t<\/div>\n\t\t<\/div>\n\t\t\t\t\t<\/div>\n\t\t<\/section>\n\t\t\t\t<section class=\"elementor-section elementor-top-section elementor-element elementor-element-940100e elementor-section-boxed elementor-section-height-default elementor-section-height-default\" data-id=\"940100e\" data-element_type=\"section\">\n\t\t\t\t\t\t<div class=\"elementor-container elementor-column-gap-default\">\n\t\t\t\t\t<div class=\"elementor-column elementor-col-100 elementor-top-column elementor-element elementor-element-8413f20\" data-id=\"8413f20\" data-element_type=\"column\">\n\t\t\t<div class=\"elementor-widget-wrap elementor-element-populated\">\n\t\t\t\t\t\t<div class=\"elementor-element elementor-element-1d071f0 elementor-widget elementor-widget-image\" data-id=\"1d071f0\" data-element_type=\"widget\" data-widget_type=\"image.default\">\n\t\t\t\t<div class=\"elementor-widget-container\">\n\t\t\t\t\t\t\t\t\t\t\t\t\t\t\t<img fetchpriority=\"high\" decoding=\"async\" width=\"843\" height=\"843\" src=\"https:\/\/nyirvideki.kisvasut.hu\/wp-content\/uploads\/2025\/06\/FB_IMG_1751109901618.jpg\" class=\"attachment-large size-large wp-image-369\" alt=\"\" srcset=\"https:\/\/nyirvideki.kisvasut.hu\/wp-content\/uploads\/2025\/06\/FB_IMG_1751109901618.jpg 960w, https:\/\/nyirvideki.kisvasut.hu\/wp-content\/uploads\/2025\/06\/FB_IMG_1751109901618-300x300.jpg 300w, https:\/\/nyirvideki.kisvasut.hu\/wp-content\/uploads\/2025\/06\/FB_IMG_1751109901618-150x150.jpg 150w, https:\/\/nyirvideki.kisvasut.hu\/wp-content\/uploads\/2025\/06\/FB_IMG_1751109901618-768x768.jpg 768w\" sizes=\"(max-width: 843px) 100vw, 843px\" \/>\t\t\t\t\t\t\t\t\t\t\t\t\t\t\t<\/div>\n\t\t\t\t<\/div>\n\t\t\t\t\t<\/div>\n\t\t<\/div>\n\t\t\t\t\t<\/div>\n\t\t<\/section>\n\t\t\t\t<section class=\"elementor-section elementor-top-section elementor-element elementor-element-510c347 elementor-section-boxed elementor-section-height-default elementor-section-height-default\" data-id=\"510c347\" data-element_type=\"section\">\n\t\t\t\t\t\t<div class=\"elementor-container elementor-column-gap-default\">\n\t\t\t\t\t<div class=\"elementor-column elementor-col-100 elementor-top-column elementor-element elementor-element-0bca2dd\" data-id=\"0bca2dd\" data-element_type=\"column\">\n\t\t\t<div class=\"elementor-widget-wrap elementor-element-populated\">\n\t\t\t\t\t\t<div class=\"elementor-element elementor-element-3f1fc4d elementor-widget-divider--view-line elementor-widget elementor-widget-divider\" data-id=\"3f1fc4d\" data-element_type=\"widget\" data-widget_type=\"divider.default\">\n\t\t\t\t<div class=\"elementor-widget-container\">\n\t\t\t\t\t\t\t<div class=\"elementor-divider\">\n\t\t\t<span class=\"elementor-divider-separator\">\n\t\t\t\t\t\t<\/span>\n\t\t<\/div>\n\t\t\t\t\t\t<\/div>\n\t\t\t\t<\/div>\n\t\t\t\t\t<\/div>\n\t\t<\/div>\n\t\t\t\t\t<\/div>\n\t\t<\/section>\n\t\t\t\t<section class=\"elementor-section elementor-top-section elementor-element elementor-element-56970f7 elementor-section-boxed elementor-section-height-default elementor-section-height-default\" data-id=\"56970f7\" data-element_type=\"section\">\n\t\t\t\t\t\t<div class=\"elementor-container elementor-column-gap-default\">\n\t\t\t\t\t<div class=\"elementor-column elementor-col-100 elementor-top-column elementor-element elementor-element-8bef963\" data-id=\"8bef963\" data-element_type=\"column\">\n\t\t\t<div class=\"elementor-widget-wrap elementor-element-populated\">\n\t\t\t\t\t\t<div class=\"elementor-element elementor-element-df3cd86 elementor-widget elementor-widget-heading\" data-id=\"df3cd86\" data-element_type=\"widget\" data-widget_type=\"heading.default\">\n\t\t\t\t<div class=\"elementor-widget-container\">\n\t\t\t\t\t<h2 class=\"elementor-heading-title elementor-size-default\">Eddigi nagyobb felaj\u00e1nl\u00e1sok<\/h2>\t\t\t\t<\/div>\n\t\t\t\t<\/div>\n\t\t\t\t\t<\/div>\n\t\t<\/div>\n\t\t\t\t\t<\/div>\n\t\t<\/section>\n\t\t\t\t<section class=\"elementor-section elementor-top-section elementor-element elementor-element-e4c0122 elementor-section-boxed elementor-section-height-default elementor-section-height-default\" data-id=\"e4c0122\" data-element_type=\"section\">\n\t\t\t\t\t\t<div class=\"elementor-container elementor-column-gap-default\">\n\t\t\t\t\t<div class=\"elementor-column elementor-col-50 elementor-top-column elementor-element elementor-element-91bf56b\" data-id=\"91bf56b\" data-element_type=\"column\">\n\t\t\t<div class=\"elementor-widget-wrap elementor-element-populated\">\n\t\t\t\t\t\t<div class=\"elementor-element elementor-element-5dfeb8f elementor-widget elementor-widget-image\" data-id=\"5dfeb8f\" data-element_type=\"widget\" data-widget_type=\"image.default\">\n\t\t\t\t<div class=\"elementor-widget-container\">\n\t\t\t\t\t\t\t\t\t\t\t\t\t\t\t<img decoding=\"async\" width=\"700\" height=\"550\" src=\"https:\/\/nyirvideki.kisvasut.hu\/wp-content\/uploads\/2025\/12\/bvill882.jpg\" class=\"attachment-large size-large wp-image-585\" alt=\"\" srcset=\"https:\/\/nyirvideki.kisvasut.hu\/wp-content\/uploads\/2025\/12\/bvill882.jpg 700w, https:\/\/nyirvideki.kisvasut.hu\/wp-content\/uploads\/2025\/12\/bvill882-300x236.jpg 300w\" sizes=\"(max-width: 700px) 100vw, 700px\" \/>\t\t\t\t\t\t\t\t\t\t\t\t\t\t\t<\/div>\n\t\t\t\t<\/div>\n\t\t\t\t\t<\/div>\n\t\t<\/div>\n\t\t\t\t<div class=\"elementor-column elementor-col-50 elementor-top-column elementor-element elementor-element-445b0f3\" data-id=\"445b0f3\" data-element_type=\"column\">\n\t\t\t<div class=\"elementor-widget-wrap elementor-element-populated\">\n\t\t\t\t\t\t<div class=\"elementor-element elementor-element-a83c4d3 elementor-widget elementor-widget-text-editor\" data-id=\"a83c4d3\" data-element_type=\"widget\" data-widget_type=\"text-editor.default\">\n\t\t\t\t<div class=\"elementor-widget-container\">\n\t\t\t\t\t\t\t\t\t<h4>Ny\u00edregyh\u00e1zavid\u00e9ki Kisvasutak Villamos motorkocsija<\/h4><p>Az egyik igaz romos \u00e1llapot\u00fa, de megmaradt 2 tengelyes fav\u00e1zas Ganz villamos motorkocsit siker\u00fclt megmenten\u00fcnk.<br \/>Jelenleg mivel olyan szint\u0171 feladatnak \u00edg\u00e9rkezik, tov\u00e1bbi nagyobb forr\u00e1sokra (p\u00e1ly\u00e1zat) v\u00e1runk amivel vissza tudjuk \u00e1ll\u00edtani eredeti f\u00e9ny\u00e9be.<\/p>\t\t\t\t\t\t\t\t<\/div>\n\t\t\t\t<\/div>\n\t\t\t\t\t<\/div>\n\t\t<\/div>\n\t\t\t\t\t<\/div>\n\t\t<\/section>\n\t\t\t\t<section class=\"elementor-section elementor-top-section elementor-element elementor-element-0a14a3e elementor-section-boxed elementor-section-height-default elementor-section-height-default\" data-id=\"0a14a3e\" data-element_type=\"section\">\n\t\t\t\t\t\t<div class=\"elementor-container elementor-column-gap-default\">\n\t\t\t\t\t<div class=\"elementor-column elementor-col-100 elementor-top-column elementor-element elementor-element-04664ba\" data-id=\"04664ba\" data-element_type=\"column\">\n\t\t\t<div class=\"elementor-widget-wrap elementor-element-populated\">\n\t\t\t\t\t\t<div class=\"elementor-element elementor-element-bef0d8f elementor-widget-divider--view-line elementor-widget elementor-widget-divider\" data-id=\"bef0d8f\" data-element_type=\"widget\" data-widget_type=\"divider.default\">\n\t\t\t\t<div class=\"elementor-widget-container\">\n\t\t\t\t\t\t\t<div class=\"elementor-divider\">\n\t\t\t<span class=\"elementor-divider-separator\">\n\t\t\t\t\t\t<\/span>\n\t\t<\/div>\n\t\t\t\t\t\t<\/div>\n\t\t\t\t<\/div>\n\t\t\t\t\t<\/div>\n\t\t<\/div>\n\t\t\t\t\t<\/div>\n\t\t<\/section>\n\t\t\t\t<section class=\"elementor-section elementor-top-section elementor-element elementor-element-8357daf elementor-section-boxed elementor-section-height-default elementor-section-height-default\" data-id=\"8357daf\" data-element_type=\"section\">\n\t\t\t\t\t\t<div class=\"elementor-container elementor-column-gap-default\">\n\t\t\t\t\t<div class=\"elementor-column elementor-col-100 elementor-top-column elementor-element elementor-element-25f2233\" data-id=\"25f2233\" data-element_type=\"column\">\n\t\t\t<div class=\"elementor-widget-wrap elementor-element-populated\">\n\t\t\t\t\t\t<div class=\"elementor-element elementor-element-bc90ff8 elementor-widget elementor-widget-heading\" data-id=\"bc90ff8\" data-element_type=\"widget\" data-widget_type=\"heading.default\">\n\t\t\t\t<div class=\"elementor-widget-container\">\n\t\t\t\t\t<h2 class=\"elementor-heading-title elementor-size-default\">T\u00e1mogat\u00f3 partnereink<\/h2>\t\t\t\t<\/div>\n\t\t\t\t<\/div>\n\t\t\t\t\t<\/div>\n\t\t<\/div>\n\t\t\t\t\t<\/div>\n\t\t<\/section>\n\t\t\t\t<section class=\"elementor-section elementor-top-section elementor-element elementor-element-41b4bca elementor-section-boxed elementor-section-height-default elementor-section-height-default\" data-id=\"41b4bca\" data-element_type=\"section\">\n\t\t\t\t\t\t<div class=\"elementor-container elementor-column-gap-default\">\n\t\t\t\t\t<div class=\"elementor-column elementor-col-16 elementor-top-column elementor-element elementor-element-c158367\" data-id=\"c158367\" data-element_type=\"column\">\n\t\t\t<div class=\"elementor-widget-wrap elementor-element-populated\">\n\t\t\t\t\t\t<div class=\"elementor-element elementor-element-000b0c6 elementor-widget elementor-widget-image\" data-id=\"000b0c6\" data-element_type=\"widget\" data-widget_type=\"image.default\">\n\t\t\t\t<div class=\"elementor-widget-container\">\n\t\t\t\t\t\t\t\t\t\t\t\t\t\t\t<img decoding=\"async\" width=\"225\" height=\"225\" src=\"https:\/\/nyirvideki.kisvasut.hu\/wp-content\/uploads\/2025\/07\/kbk_logo.png\" class=\"attachment-medium size-medium wp-image-427\" alt=\"\" srcset=\"https:\/\/nyirvideki.kisvasut.hu\/wp-content\/uploads\/2025\/07\/kbk_logo.png 225w, https:\/\/nyirvideki.kisvasut.hu\/wp-content\/uploads\/2025\/07\/kbk_logo-150x150.png 150w\" sizes=\"(max-width: 225px) 100vw, 225px\" \/>\t\t\t\t\t\t\t\t\t\t\t\t\t\t\t<\/div>\n\t\t\t\t<\/div>\n\t\t\t\t\t<\/div>\n\t\t<\/div>\n\t\t\t\t<div class=\"elementor-column elementor-col-16 elementor-top-column elementor-element elementor-element-496ae14\" data-id=\"496ae14\" data-element_type=\"column\">\n\t\t\t<div class=\"elementor-widget-wrap elementor-element-populated\">\n\t\t\t\t\t\t<div class=\"elementor-element elementor-element-3011c11 elementor-widget elementor-widget-image\" data-id=\"3011c11\" data-element_type=\"widget\" data-widget_type=\"image.default\">\n\t\t\t\t<div class=\"elementor-widget-container\">\n\t\t\t\t\t\t\t\t\t\t\t\t\t\t\t<img loading=\"lazy\" decoding=\"async\" width=\"300\" height=\"200\" src=\"https:\/\/nyirvideki.kisvasut.hu\/wp-content\/uploads\/2025\/07\/mav_logo-300x200.jpeg\" class=\"attachment-medium size-medium wp-image-426\" alt=\"\" srcset=\"https:\/\/nyirvideki.kisvasut.hu\/wp-content\/uploads\/2025\/07\/mav_logo-300x200.jpeg 300w, https:\/\/nyirvideki.kisvasut.hu\/wp-content\/uploads\/2025\/07\/mav_logo-1024x683.jpeg 1024w, https:\/\/nyirvideki.kisvasut.hu\/wp-content\/uploads\/2025\/07\/mav_logo-768x512.jpeg 768w, https:\/\/nyirvideki.kisvasut.hu\/wp-content\/uploads\/2025\/07\/mav_logo.jpeg 1200w\" sizes=\"(max-width: 300px) 100vw, 300px\" \/>\t\t\t\t\t\t\t\t\t\t\t\t\t\t\t<\/div>\n\t\t\t\t<\/div>\n\t\t\t\t<div class=\"elementor-element elementor-element-e1773ae elementor-widget elementor-widget-image\" data-id=\"e1773ae\" data-element_type=\"widget\" data-widget_type=\"image.default\">\n\t\t\t\t<div class=\"elementor-widget-container\">\n\t\t\t\t\t\t\t\t\t\t\t\t\t\t\t<img loading=\"lazy\" decoding=\"async\" width=\"600\" height=\"150\" src=\"https:\/\/nyirvideki.kisvasut.hu\/wp-content\/uploads\/2025\/07\/rumed_logo.jpg\" class=\"attachment-large size-large wp-image-425\" alt=\"\" srcset=\"https:\/\/nyirvideki.kisvasut.hu\/wp-content\/uploads\/2025\/07\/rumed_logo.jpg 600w, https:\/\/nyirvideki.kisvasut.hu\/wp-content\/uploads\/2025\/07\/rumed_logo-300x75.jpg 300w\" sizes=\"(max-width: 600px) 100vw, 600px\" \/>\t\t\t\t\t\t\t\t\t\t\t\t\t\t\t<\/div>\n\t\t\t\t<\/div>\n\t\t\t\t\t<\/div>\n\t\t<\/div>\n\t\t\t\t<div class=\"elementor-column elementor-col-16 elementor-top-column elementor-element elementor-element-19ac07b\" data-id=\"19ac07b\" data-element_type=\"column\">\n\t\t\t<div class=\"elementor-widget-wrap elementor-element-populated\">\n\t\t\t\t\t\t<div class=\"elementor-element elementor-element-7bb0d81 elementor-widget elementor-widget-image\" data-id=\"7bb0d81\" data-element_type=\"widget\" data-widget_type=\"image.default\">\n\t\t\t\t<div class=\"elementor-widget-container\">\n\t\t\t\t\t\t\t\t\t\t\t\t\t\t\t<img loading=\"lazy\" decoding=\"async\" width=\"265\" height=\"300\" src=\"https:\/\/nyirvideki.kisvasut.hu\/wp-content\/uploads\/2025\/12\/Dombrad-265x300.jpg\" class=\"attachment-medium size-medium wp-image-543\" alt=\"\" srcset=\"https:\/\/nyirvideki.kisvasut.hu\/wp-content\/uploads\/2025\/12\/Dombrad-265x300.jpg 265w, https:\/\/nyirvideki.kisvasut.hu\/wp-content\/uploads\/2025\/12\/Dombrad-905x1024.jpg 905w, https:\/\/nyirvideki.kisvasut.hu\/wp-content\/uploads\/2025\/12\/Dombrad-768x869.jpg 768w, https:\/\/nyirvideki.kisvasut.hu\/wp-content\/uploads\/2025\/12\/Dombrad-1357x1536.jpg 1357w, https:\/\/nyirvideki.kisvasut.hu\/wp-content\/uploads\/2025\/12\/Dombrad-1810x2048.jpg 1810w, https:\/\/nyirvideki.kisvasut.hu\/wp-content\/uploads\/2025\/12\/Dombrad.jpg 2000w\" sizes=\"(max-width: 265px) 100vw, 265px\" \/>\t\t\t\t\t\t\t\t\t\t\t\t\t\t\t<\/div>\n\t\t\t\t<\/div>\n\t\t\t\t\t<\/div>\n\t\t<\/div>\n\t\t\t\t<div class=\"elementor-column elementor-col-16 elementor-top-column elementor-element elementor-element-d2b800a\" data-id=\"d2b800a\" data-element_type=\"column\">\n\t\t\t<div class=\"elementor-widget-wrap\">\n\t\t\t\t\t\t\t<\/div>\n\t\t<\/div>\n\t\t\t\t<div class=\"elementor-column elementor-col-16 elementor-top-column elementor-element elementor-element-d0c88aa\" data-id=\"d0c88aa\" data-element_type=\"column\">\n\t\t\t<div class=\"elementor-widget-wrap\">\n\t\t\t\t\t\t\t<\/div>\n\t\t<\/div>\n\t\t\t\t<div class=\"elementor-column elementor-col-16 elementor-top-column elementor-element elementor-element-d80794f\" data-id=\"d80794f\" data-element_type=\"column\">\n\t\t\t<div class=\"elementor-widget-wrap\">\n\t\t\t\t\t\t\t<\/div>\n\t\t<\/div>\n\t\t\t\t\t<\/div>\n\t\t<\/section>\n\t\t\t\t<\/div>\n\t\t","protected":false},"excerpt":{"rendered":"<p>Ha szeretn\u00e9l t\u00e1mogatni minket az al\u00e1bbi m\u00f3dokon tudod ezt megtenni Csatlakozz hozz\u00e1nk \u00e9s legy\u00e9l az \u00f6nk\u00e9ntes csapat tagja T\u00e1rgyi felaj\u00e1nl\u00e1s eset\u00e9n (b\u00fatorok, eszk\u00f6z\u00f6k, szersz\u00e1mok, \u00e9p\u00edt\u0151anyagok)&hellip;<\/p>\n","protected":false},"author":1,"featured_media":0,"parent":0,"menu_order":0,"comment_status":"closed","ping_status":"closed","template":"elementor_header_footer","meta":{"footnotes":""},"class_list":["post-59","page","type-page","status-publish","hentry"],"_links":{"self":[{"href":"https:\/\/nyirvideki.kisvasut.hu\/index.php?rest_route=\/wp\/v2\/pages\/59","targetHints":{"allow":["GET"]}}],"collection":[{"href":"https:\/\/nyirvideki.kisvasut.hu\/index.php?rest_route=\/wp\/v2\/pages"}],"about":[{"href":"https:\/\/nyirvideki.kisvasut.hu\/index.php?rest_route=\/wp\/v2\/types\/page"}],"author":[{"embeddable":true,"href":"https:\/\/nyirvideki.kisvasut.hu\/index.php?rest_route=\/wp\/v2\/users\/1"}],"replies":[{"embeddable":true,"href":"https:\/\/nyirvideki.kisvasut.hu\/index.php?rest_route=%2Fwp%2Fv2%2Fcomments&post=59"}],"version-history":[{"count":29,"href":"https:\/\/nyirvideki.kisvasut.hu\/index.php?rest_route=\/wp\/v2\/pages\/59\/revisions"}],"predecessor-version":[{"id":588,"href":"https:\/\/nyirvideki.kisvasut.hu\/index.php?rest_route=\/wp\/v2\/pages\/59\/revisions\/588"}],"wp:attachment":[{"href":"https:\/\/nyirvideki.kisvasut.hu\/index.php?rest_route=%2Fwp%2Fv2%2Fmedia&parent=59"}],"curies":[{"name":"wp","href":"https:\/\/api.w.org\/{rel}","templated":true}]}}