{"id":96,"date":"2025-06-19T10:30:11","date_gmt":"2025-06-19T10:30:11","guid":{"rendered":"http:\/\/nyirvideki.kisvasut.hu\/?page_id=96"},"modified":"2025-06-28T12:19:21","modified_gmt":"2025-06-28T10:19:21","slug":"tevekenysegunk","status":"publish","type":"page","link":"https:\/\/nyirvideki.kisvasut.hu\/?page_id=96","title":{"rendered":"Tev\u00e9kenys\u00e9g\u00fcnk"},"content":{"rendered":"\t\t<div data-elementor-type=\"wp-post\" data-elementor-id=\"96\" class=\"elementor elementor-96\">\n\t\t\t\t\t\t<section class=\"elementor-section elementor-top-section elementor-element elementor-element-873404e elementor-section-boxed elementor-section-height-default elementor-section-height-default\" data-id=\"873404e\" data-element_type=\"section\">\n\t\t\t\t\t\t<div class=\"elementor-container elementor-column-gap-default\">\n\t\t\t\t\t<div class=\"elementor-column elementor-col-100 elementor-top-column elementor-element elementor-element-859858a\" data-id=\"859858a\" data-element_type=\"column\">\n\t\t\t<div class=\"elementor-widget-wrap elementor-element-populated\">\n\t\t\t\t\t\t<div class=\"elementor-element elementor-element-1fbd686 elementor-widget elementor-widget-text-editor\" data-id=\"1fbd686\" data-element_type=\"widget\" data-widget_type=\"text-editor.default\">\n\t\t\t\t<div class=\"elementor-widget-container\">\n\t\t\t\t\t\t\t\t\t<h3>Kisvasutak Bar\u00e1ti K\u00f6re Egyes\u00fclet<\/h3>\t\t\t\t\t\t\t\t<\/div>\n\t\t\t\t<\/div>\n\t\t\t\t\t<\/div>\n\t\t<\/div>\n\t\t\t\t\t<\/div>\n\t\t<\/section>\n\t\t\t\t<section class=\"elementor-section elementor-top-section elementor-element elementor-element-fb0a9fa elementor-section-boxed elementor-section-height-default elementor-section-height-default\" data-id=\"fb0a9fa\" data-element_type=\"section\">\n\t\t\t\t\t\t<div class=\"elementor-container elementor-column-gap-default\">\n\t\t\t\t\t<div class=\"elementor-column elementor-col-100 elementor-top-column elementor-element elementor-element-155383f\" data-id=\"155383f\" data-element_type=\"column\">\n\t\t\t<div class=\"elementor-widget-wrap elementor-element-populated\">\n\t\t\t\t\t\t<div class=\"elementor-element elementor-element-e1f5d2c elementor-widget elementor-widget-text-editor\" data-id=\"e1f5d2c\" data-element_type=\"widget\" data-widget_type=\"text-editor.default\">\n\t\t\t\t<div class=\"elementor-widget-container\">\n\t\t\t\t\t\t\t\t\t<p>Egyes\u00fclet\u00fcnk Szakcsoportja 2021 \u00f3ta dolgozik azon, hogy a nagy m\u00falt\u00fa kisvas\u00fat s\u00ednp\u00e1rjain \u00fajra vonat k\u00f6zlekedhessen.<br \/><br \/>Szakcsoportunk Dombr\u00e1d \u00e9s Tiszatelek k\u00f6z\u00f6tt egy 10 km-es szakaszon vette \u00e1t \u00fczemeltet\u00e9sre a vas\u00fati p\u00e1ly\u00e1t. Ezen a szakaszon sz\u00e1mos probl\u00e9m\u00e1t k\u00fcsz\u00f6b\u00f6lt\u00fcnk m\u00e1r ki, de m\u00e9g \u00edgy is akad rengeteg tennival\u00f3.<br \/><br \/>G\u00e9pparkunk f\u0151leg hajt\u00e1nyokb\u00f3l \u00e9s t\u00f6rt\u00e9nelmi jelent\u0151s\u00e9g\u0171 j\u00e1rm\u0171vekb\u0151l \u00e1llnak, de vannak tervek a tov\u00e1bbi b\u0151v\u00edt\u00e9sre is amint azt a jogi \u00e9s anyagi h\u00e1tterek is engedik.<br \/>Ezeket a j\u00e1rm\u0171veket karban is kell tartani, ami szint\u00e9n a szakcsoportunk feladata. Az Egyes\u00fclet keretein bel\u00fcl m\u00e1r sz\u00e1mos j\u00e1rm\u0171 ker\u00fclt az eny\u00e9szett\u0151l megment\u00e9sre \u00e9s v\u00e1r a fel\u00faj\u00edt\u00e1sra, vagy m\u00e1r szolg\u00e1lja az egyes\u00fclet\u00fcnk kisvas\u00fatjait.<\/p><p>P\u00e1lyafenntart\u00e1si \u00e9s g\u00e9p\u00e9szeti feladatok mellett az \u00e9p\u00fcletek \u00e9s az azokhoz tartoz\u00f3 infrastrukt\u00far\u00e1kat is karbantartjuk \u00e9s lehet\u0151s\u00e9geinkhez m\u00e9rten igyeksz\u00fcnk min\u00e9l t\u00f6bbet fejl\u0151dni. Ha szeretn\u00e9d t\u00e1mogatni munk\u00e1ss\u00e1gunkat, akkor a T\u00e1mogat\u00e1s f\u00fcl alatt tal\u00e1lsz plusz inform\u00e1ci\u00f3kat. Ha szeretn\u00e9l bel\u00e9pni a szakcsoportunkba, a Csatlakozz hozz\u00e1nk f\u00fclre kattintva teheted meg.<\/p>\t\t\t\t\t\t\t\t<\/div>\n\t\t\t\t<\/div>\n\t\t\t\t\t<\/div>\n\t\t<\/div>\n\t\t\t\t\t<\/div>\n\t\t<\/section>\n\t\t\t\t<section class=\"elementor-section elementor-top-section elementor-element elementor-element-a1ec9b5 elementor-section-boxed elementor-section-height-default elementor-section-height-default\" data-id=\"a1ec9b5\" data-element_type=\"section\">\n\t\t\t\t\t\t<div class=\"elementor-container elementor-column-gap-default\">\n\t\t\t\t\t<div class=\"elementor-column elementor-col-50 elementor-top-column elementor-element elementor-element-a131be2\" data-id=\"a131be2\" data-element_type=\"column\">\n\t\t\t<div class=\"elementor-widget-wrap elementor-element-populated\">\n\t\t\t\t\t\t<div class=\"elementor-element elementor-element-20e0503 elementor-widget elementor-widget-image\" data-id=\"20e0503\" data-element_type=\"widget\" data-widget_type=\"image.default\">\n\t\t\t\t<div class=\"elementor-widget-container\">\n\t\t\t\t\t\t\t\t\t\t\t\t\t\t\t<img fetchpriority=\"high\" decoding=\"async\" width=\"843\" height=\"475\" src=\"https:\/\/nyirvideki.kisvasut.hu\/wp-content\/uploads\/2025\/06\/20250501_192429-1024x577.jpg\" class=\"attachment-large size-large wp-image-332\" alt=\"Ujdombrad_majalis\" srcset=\"https:\/\/nyirvideki.kisvasut.hu\/wp-content\/uploads\/2025\/06\/20250501_192429-1024x577.jpg 1024w, https:\/\/nyirvideki.kisvasut.hu\/wp-content\/uploads\/2025\/06\/20250501_192429-300x169.jpg 300w, https:\/\/nyirvideki.kisvasut.hu\/wp-content\/uploads\/2025\/06\/20250501_192429-768x432.jpg 768w, https:\/\/nyirvideki.kisvasut.hu\/wp-content\/uploads\/2025\/06\/20250501_192429-1536x865.jpg 1536w, https:\/\/nyirvideki.kisvasut.hu\/wp-content\/uploads\/2025\/06\/20250501_192429-2048x1153.jpg 2048w\" sizes=\"(max-width: 843px) 100vw, 843px\" \/>\t\t\t\t\t\t\t\t\t\t\t\t\t\t\t<\/div>\n\t\t\t\t<\/div>\n\t\t\t\t\t<\/div>\n\t\t<\/div>\n\t\t\t\t<div class=\"elementor-column elementor-col-50 elementor-top-column elementor-element elementor-element-b59904c\" data-id=\"b59904c\" data-element_type=\"column\">\n\t\t\t<div class=\"elementor-widget-wrap elementor-element-populated\">\n\t\t\t\t\t\t<div class=\"elementor-element elementor-element-6e17463 elementor-widget elementor-widget-image\" data-id=\"6e17463\" data-element_type=\"widget\" data-widget_type=\"image.default\">\n\t\t\t\t<div class=\"elementor-widget-container\">\n\t\t\t\t\t\t\t\t\t\t\t\t\t\t\t<img decoding=\"async\" width=\"843\" height=\"475\" src=\"https:\/\/nyirvideki.kisvasut.hu\/wp-content\/uploads\/2025\/06\/20250501_192328-1024x577.jpg\" class=\"attachment-large size-large wp-image-335\" alt=\"Ujdombrad_majalis_hajtanyok\" srcset=\"https:\/\/nyirvideki.kisvasut.hu\/wp-content\/uploads\/2025\/06\/20250501_192328-1024x577.jpg 1024w, https:\/\/nyirvideki.kisvasut.hu\/wp-content\/uploads\/2025\/06\/20250501_192328-300x169.jpg 300w, https:\/\/nyirvideki.kisvasut.hu\/wp-content\/uploads\/2025\/06\/20250501_192328-768x432.jpg 768w, https:\/\/nyirvideki.kisvasut.hu\/wp-content\/uploads\/2025\/06\/20250501_192328-1536x865.jpg 1536w, https:\/\/nyirvideki.kisvasut.hu\/wp-content\/uploads\/2025\/06\/20250501_192328-2048x1153.jpg 2048w\" sizes=\"(max-width: 843px) 100vw, 843px\" \/>\t\t\t\t\t\t\t\t\t\t\t\t\t\t\t<\/div>\n\t\t\t\t<\/div>\n\t\t\t\t\t<\/div>\n\t\t<\/div>\n\t\t\t\t\t<\/div>\n\t\t<\/section>\n\t\t\t\t<\/div>\n\t\t","protected":false},"excerpt":{"rendered":"<p>Kisvasutak Bar\u00e1ti K\u00f6re Egyes\u00fclet Egyes\u00fclet\u00fcnk Szakcsoportja 2021 \u00f3ta dolgozik azon, hogy a nagy m\u00falt\u00fa kisvas\u00fat s\u00ednp\u00e1rjain \u00fajra vonat k\u00f6zlekedhessen. Szakcsoportunk Dombr\u00e1d \u00e9s Tiszatelek k\u00f6z\u00f6tt egy&hellip;<\/p>\n","protected":false},"author":1,"featured_media":0,"parent":0,"menu_order":0,"comment_status":"closed","ping_status":"closed","template":"","meta":{"footnotes":""},"class_list":["post-96","page","type-page","status-publish","hentry"],"_links":{"self":[{"href":"https:\/\/nyirvideki.kisvasut.hu\/index.php?rest_route=\/wp\/v2\/pages\/96","targetHints":{"allow":["GET"]}}],"collection":[{"href":"https:\/\/nyirvideki.kisvasut.hu\/index.php?rest_route=\/wp\/v2\/pages"}],"about":[{"href":"https:\/\/nyirvideki.kisvasut.hu\/index.php?rest_route=\/wp\/v2\/types\/page"}],"author":[{"embeddable":true,"href":"https:\/\/nyirvideki.kisvasut.hu\/index.php?rest_route=\/wp\/v2\/users\/1"}],"replies":[{"embeddable":true,"href":"https:\/\/nyirvideki.kisvasut.hu\/index.php?rest_route=%2Fwp%2Fv2%2Fcomments&post=96"}],"version-history":[{"count":17,"href":"https:\/\/nyirvideki.kisvasut.hu\/index.php?rest_route=\/wp\/v2\/pages\/96\/revisions"}],"predecessor-version":[{"id":343,"href":"https:\/\/nyirvideki.kisvasut.hu\/index.php?rest_route=\/wp\/v2\/pages\/96\/revisions\/343"}],"wp:attachment":[{"href":"https:\/\/nyirvideki.kisvasut.hu\/index.php?rest_route=%2Fwp%2Fv2%2Fmedia&parent=96"}],"curies":[{"name":"wp","href":"https:\/\/api.w.org\/{rel}","templated":true}]}}